{"id":3,"date":"2019-07-31T14:57:13","date_gmt":"2019-07-31T12:57:13","guid":{"rendered":"https:\/\/champagne-remue-gaspard.com\/boutique\/?page_id=3"},"modified":"2019-12-09T11:27:58","modified_gmt":"2019-12-09T10:27:58","slug":"politique-de-confidentialite","status":"publish","type":"page","link":"https:\/\/champagne-remue-gaspard.com\/boutique\/politique-de-confidentialite\/","title":{"rendered":"Politique de confidentialit\u00e9"},"content":{"rendered":"<h2 class=\"wp-block-heading\">Introduction<\/h2><p>Devant le d\u00e9veloppement des nouveaux outils de communication, il \nest n\u00e9cessaire de porter une attention particuli\u00e8re \u00e0 la protection de \nla vie priv\u00e9e. C&rsquo;est pourquoi, nous nous engageons \u00e0 respecter la \nconfidentialit\u00e9 des renseignements personnels que nous collectons. <\/p><p>En aucun cas, les donn\u00e9es recueillies sur le site https:\/\/champagne-remue-gaspard.com\/\n ne seront c\u00e9d\u00e9es ou vendues \u00e0 des tiers. Aucune adresse email ne sera \ntransmise \u00e0 des tiers y compris \u00e0 nos partenaires sauf avec l\u2019accord \n\u00e9crit des int\u00e9ress\u00e9s.<\/p><h2 class=\"wp-block-heading\">Consentement<\/h2><p>En utilisant notre site, vous consentez \u00e0 notre politique de confidentialit\u00e9.<\/p><h2 class=\"wp-block-heading\">Formulaires de contact<\/h2><p>Les informations recueillies sur les formulaires de contact du site internet https:\/\/champagne-remue-gaspard.com\/ sont envoy\u00e9es par e-mail pour r\u00e9aliser des&nbsp;propositions commerciales relatives aux services de Champagne Remue Gaspard.<\/p><p>Ces informations sont envoy\u00e9es par le protocole https&nbsp;sous un \ncertificat SSL permettant de prot\u00e9ger les informations lors de leur \nenvoi. Elles sont conserv\u00e9es pendant&nbsp;1 an&nbsp;et sont destin\u00e9es&nbsp;au \nresponsable de la soci\u00e9t\u00e9 Champagne Remue Gaspard bas\u00e9e en France.<\/p><h3 class=\"wp-block-heading\">Ces donn\u00e9es sont les suivantes&nbsp;:<\/h3><p>Votre nom <br>\nVotre pr\u00e9nom <br>\nVotre e-mail <br>\nVotre code postal<br>\nVotre ville <br>\nVotre adresse postale <br>\nT\u00e9l\u00e9phone <br>\nVotre message<\/p><p>Les donn\u00e9es fournies sont uniquement stock\u00e9es sur la boite e-mail des destinataires des formulaires chez Champagne Remue Gaspard.<br>\n\t\t\tLes appareils o\u00f9 ces donn\u00e9es sont accessibles (t\u00e9l\u00e9phones mobiles et \nordinateurs sont prot\u00e9g\u00e9s par un mot de passe).\n\t\t\tDans tous les cas, vous pouvez refuser de fournir vos donn\u00e9es \npersonnelles. Dans ce cas, vous ne pourrez pas utiliser les services du \nsite, notamment celui de solliciter des renseignements sur notre \nsoci\u00e9t\u00e9, ou de recevoir les lettres d\u2019information.<\/p><h2 class=\"wp-block-heading\">Cookies<\/h2><p>Un cookie est une information d\u00e9pos\u00e9e sur votre disque dur par le \nserveur du site que vous visitez. Il contient plusieurs donn\u00e9es qui sont\n stock\u00e9es sur votre ordinateur dans un simple fichier texte auquel un \nserveur acc\u00e8de pour lire et enregistrer des informations. Certaines \nparties de ce site peuvent ne pas \u00eatre fonctionnelles sans l\u2019acceptation\n de cookies.<\/p><p>Le site est amen\u00e9 \u00e0 \nvous demander l\u2019acceptation de ces cookies. Nous collectons de mani\u00e8re \nautomatique certaines informations vous concernant lors d\u2019une simple \nnavigation sur notre site Internet, notamment : des informations \nconcernant l\u2019utilisation de notre site, comme les zones que vous visitez\n et les services auxquels vous acc\u00e9dez, votre adresse IP, le type de \nvotre navigateur, vos temps d\u2019acc\u00e8s.<br>\n\t\tDe telles informations sont utilis\u00e9es exclusivement \u00e0 des fins de statistiques internes et de s\u00e9curit\u00e9 du site Champagne Remue Gaspard,\n ou pour am\u00e9liorer la qualit\u00e9 des services qui vous sont propos\u00e9s. Les \nbases de donn\u00e9es sont prot\u00e9g\u00e9es par les dispositions de la loi du 1er \njuillet 1998 transposant la directive 96\/9 du 11 mars 1996 relative \u00e0 la\n protection juridique des bases de donn\u00e9es.<\/p><h2 class=\"wp-block-heading\">Contenu embarqu\u00e9 depuis d\u2019autres sites<\/h2><p>Les articles de ce site peuvent inclure des contenus int\u00e9gr\u00e9s (par \nexemple des vid\u00e9os, images, articles\u2026). Le contenu int\u00e9gr\u00e9 depuis \nd\u2019autres sites se comporte de la m\u00eame mani\u00e8re que si le visiteur se \nrendait sur cet autre site.<br>\n\t\tCes sites web pourraient collecter des donn\u00e9es sur vous, utiliser des \ncookies, embarquer des outils de suivis tiers, suivre vos interactions \navec ces contenus embarqu\u00e9s si vous disposez d\u2019un compte connect\u00e9 sur \nleur site web.<\/p><h3 class=\"wp-block-heading\">Comment accepter ou refuser des cookies ?<\/h3><p>Vous pouvez \u00e0 tout moment choisir de d\u00e9sactiver ces cookies en param\u00e9trant votre navigateur internet.<br>\n\t\tNous vous rappelons que le param\u00e9trage est susceptible de modifier vos\n conditions d\u2019acc\u00e8s \u00e0 nos services n\u00e9cessitant l\u2019utilisation de cookies.<br>\n\t\tLa plupart des navigateurs vous permettent de g\u00e9rer vos cookies \npr\u00e9f\u00e9r\u00e9s. Vous pouvez r\u00e9gler votre navigateur pour refuser ou effacer \ncertains cookies. G\u00e9n\u00e9ralement, vous pouvez \u00e9galement g\u00e9rer les \ntechnologies similaires de la m\u00eame fa\u00e7on, en utilisant vos navigateurs \npr\u00e9f\u00e9r\u00e9s.<\/p><p>Les liens suivants vous montrent comment r\u00e9gler les cookies en fonction des navigateurs :<br>\n\t\tSi vous utilisez le navigateur Internet Explorer :<br>\n\t\t<a href=\"http:\/\/windows.microsoft.com\/fr-FR\/windows-vista\/Block-or-allow-cookies\" target=\"_blank\" rel=\"noreferrer noopener\">http:\/\/windows.microsoft.com\/fr-FR\/windows-vista\/Block-or-allow-cookies<\/a><br><br>\n\t\tSi vous utilisez le navigateur Firefox :<br>\n\t\t<a href=\"http:\/\/support.mozilla.org\/fr\/kb\/activer-desactiver-cookies\" target=\"_blank\" rel=\"noreferrer noopener\">http:\/\/support.mozilla.org\/fr\/kb\/activer-desactiver-cookies<\/a><br><br>\n\t\tSi vous utilisez le navigateur Safari :<br>\n\t\t<a href=\"http:\/\/support.apple.com\/kb\/index?page=search&amp;fac=all&amp;q=cookies%20safari\" target=\"_blank\" rel=\"noreferrer noopener\">http:\/\/support.apple.com\/kb\/index?page=search&amp;fac=all&amp;q=cookies%20safari<\/a><br><br>\n\t\tSi vous utilisez le navigateur Google Chrome :<br>\n\t\t<a href=\"https:\/\/support.google.com\/chrome\/answer\/95647?hl=fr\" target=\"_blank\" rel=\"noreferrer noopener\">https:\/\/support.google.com\/chrome\/answer\/95647?hl=fr<\/a><br><br>\n\t\t<\/p><p>Pour plus d\u2019informations vous pouvez consulter le site de la CNIL \u00e0 l\u2019adresse suivante :<br>\n\t\t<a href=\"http:\/\/www.cnil.fr\/vos-droits\/vos-traces\/les-cookies\/\" target=\"_blank\" rel=\"noreferrer noopener\">http:\/\/www.cnil.fr\/vos-droits\/vos-traces\/les-cookies\/<\/a>\n\t\t<\/p><h2 class=\"wp-block-heading\">Droit relatifs \u00e0 votre boutique en ligne<\/h2><p>Pour faire des achats dans notre boutique en ligne, vous devez \ncr\u00e9er un compte d\u2019utilisateur personnel (ci-apr\u00e8s \u201ccompte \nd\u2019utilisateur\u201d). Vous pouvez stocker vos informations personnelles dans \nle compte utilisateur. Le compte utilisateur facilite les achats dans \nnotre boutique en ligne.<\/p><p>Pour cr\u00e9er un compte d\u2019utilisateur personnel, nous avons besoin \nd\u2019un titre, d\u2019un pr\u00e9nom et d\u2019un nom de famille et, le cas \u00e9ch\u00e9ant, d\u2019une\n adresse et d\u2019un num\u00e9ro de t\u00e9l\u00e9phone. De plus, les utilisateurs doivent \nfournir leur adresse \u00e9lectronique et un mot de passe de leur choix. \nL\u2019adresse e-mail fournie par les utilisateurs sert \u00e9galement de donn\u00e9es \nd\u2019acc\u00e8s au compte utilisateur. Une fois l\u2019enregistrement r\u00e9ussi, \nl\u2019utilisateur re\u00e7oit automatiquement une confirmation par e-mail. De \ncette fa\u00e7on, l\u2019utilisateur conclut le contrat pour la mise \u00e0 disposition\n du compte d\u2019utilisateur avec nous.<\/p><p>En outre, les utilisateurs peuvent stocker leurs donn\u00e9es \npersonnelles dans leur compte d\u2019utilisateur et ainsi faire des achats \ndans la boutique en ligne. Les informations peuvent \u00eatre mises \u00e0 jour \u00e0 \ntout moment dans la zone personnelle du compte utilisateur.<\/p><p>Les cookies dits persistants sont stock\u00e9s sur l\u2019appareil de \nl\u2019utilisateur avec la fonction \u201cRester connect\u00e9\u201d, qui sert \u00e0 garantir \nque l\u2019utilisateur n\u2019ait pas \u00e0 se connecter \u00e0 nouveau lors de visites \nult\u00e9rieures sur notre site Web. Cette fonction n\u2019est pas disponible pour\n l\u2019utilisateur si celui-ci a d\u00e9sactiv\u00e9 le stockage de tels cookies dans \nles param\u00e8tres de son navigateur.<\/p><p>Bien entendu, l\u2019utilisateur peut r\u00e9silier son contrat pour la mise\n \u00e0 disposition du compte d\u2019utilisateur \u00e0 tout moment et sans indication \nde motifs. La fa\u00e7on la plus simple de le faire est d\u2019envoyer un courriel\n informel \u00e0 filip.remue@wanadoo.fr.<\/p><h3 class=\"wp-block-heading\">Confidentialit\u00e9 du commerce en ligne<\/h3><p>\nNous sommes les seuls propri\u00e9taires des informations recueillies sur ce \nsite. Vos informations personnelles ne seront pas vendues, \u00e9chang\u00e9es, \ntransf\u00e9r\u00e9es, ou donn\u00e9es \u00e0 une autre soci\u00e9t\u00e9 pour n\u2019importe quel raison, \nsans votre consentement, en dehors de ce qui est n\u00e9cessaire pour \nr\u00e9pondre \u00e0 une demande et \/ ou une transaction, comme par exemple pour \nexp\u00e9dier une commande.<\/p><h3 class=\"wp-block-heading\">Protection des informations<\/h3><p>Nous mettons en \u0153uvre une vari\u00e9t\u00e9 de mesures de s\u00e9curit\u00e9 pour \npr\u00e9server la s\u00e9curit\u00e9 de vos informations personnelles. Nous utilisons \nun cryptage \u00e0 la pointe de la technologie pour prot\u00e9ger les informations\n sensibles transmises en ligne. Nous prot\u00e9geons \u00e9galement vos \ninformations hors ligne. Seuls les employ\u00e9s qui ont besoin d\u2019effectuer \nun travail sp\u00e9cifique (par exemple, la facturation ou le service \u00e0 la \nclient\u00e8le) ont acc\u00e8s aux informations personnelles identifiables. Les \nordinateurs et serveurs utilis\u00e9s pour stocker des informations \npersonnelles identifiables sont conserv\u00e9s dans un environnement \ns\u00e9curis\u00e9.<\/p><h2 class=\"wp-block-heading\">Utilisation et transmission de vos donn\u00e9es personnelles<\/h2><h3 class=\"wp-block-heading\">Acc\u00e8s \u00e0 vos donn\u00e9es personnelles<\/h3><p>Conform\u00e9ment \u00e0 la loi \u00ab informatique et libert\u00e9s \u00bb, vous pouvez \nexercer votre droit d\u2019acc\u00e8s aux donn\u00e9es vous concernant et les faire \nrectifier, supprimer ou transf\u00e9rer nous contactant :<br>\n\t\t\tChampagne Remue Gaspard\n\t\t\t11 Rue Bruy\u00e8re\n\t\t\t51190\n\t\t\tGrauves\n\t\t\tCourriel : filip.remue@wanadoo.fr<br>\n\t\t\tT\u00e9l\u00e9phone : 03 26 57 84 81<br>\n\t\t\tSection du site web : https:\/\/champagne-remue-gaspard.com\/\n\t\t<\/p><h3 class=\"wp-block-heading\">Dur\u00e9es de stockage de vos donn\u00e9es<\/h3><p>Si vous laissez un commentaire, le commentaire et ses m\u00e9tadonn\u00e9es \nsont conserv\u00e9s ind\u00e9finiment. Cela permet de reconna\u00eetre et approuver \nautomatiquement les commentaires suivants au lieu de les laisser dans la\n file de mod\u00e9ration.<\/p><p>Pour les utilisateurs et utilisatrices qui s\u2019enregistrent sur \nnotre site (si cela est possible), nous stockons \u00e9galement les donn\u00e9es \npersonnelles indiqu\u00e9es dans leur profil. Tous les utilisateurs et \nutilisatrices peuvent voir, modifier ou supprimer leurs informations \npersonnelles \u00e0 tout moment (\u00e0 l\u2019exception de leur nom \nd\u2019utilisateur\u00b7ice). Les gestionnaires du site peuvent aussi voir et \nmodifier ces informations.<\/p><h3 class=\"wp-block-heading\">Les droits que vous avez sur vos donn\u00e9es<\/h3><p>Si vous avez un compte ou si vous avez laiss\u00e9 des commentaires sur\n le site, vous pouvez demander \u00e0 recevoir un fichier contenant toutes \nles donn\u00e9es personnelles que nous poss\u00e9dons \u00e0 votre sujet, incluant \ncelles que vous nous avez fournies. Vous pouvez \u00e9galement demander la \nsuppression des donn\u00e9es personnelles vous concernant. Cela ne prend pas \nen compte les donn\u00e9es stock\u00e9es \u00e0 des fins administratives, l\u00e9gales ou \npour des raisons de s\u00e9curit\u00e9.<\/p><h3 class=\"wp-block-heading\">Transmission de vos donn\u00e9es<\/h3><p>Les commentaires des visiteurs peuvent \u00eatre v\u00e9rifi\u00e9s \u00e0 l\u2019aide d\u2019un\n service automatis\u00e9 de d\u00e9tection des commentaires ind\u00e9sirables.<\/p><h3 class=\"wp-block-heading\">Droit d&rsquo;opposition et de retrait<\/h3><p>Nous nous engageons \u00e0 vous offrir un droit d&rsquo;opposition et de retrait quant \u00e0 vos renseignements personnels.<br>\n\t\t\tLe droit d&rsquo;opposition s&rsquo;entend comme \u00e9tant la possibilit\u00e9 offerte aux\n internautes de refuser que leurs renseignements personnels soient \nutilis\u00e9es \u00e0 certaines fins mentionn\u00e9es lors de la collecte.<br>\n\t\t\tLe droit de retrait s&rsquo;entend comme \u00e9tant la possibilit\u00e9 offerte aux \ninternautes de demander \u00e0 ce que leurs renseignements personnels ne \nfigurent plus, par exemple, dans une liste de diffusion.<\/p><p>Pour pouvoir exercer ces droits, vous pouvez nous contacter \u00e0 l&rsquo;adresse suivante : <\/p><h3 class=\"wp-block-heading\">Protection des informations<\/h3><p>Nous mettons en \u0153uvre une vari\u00e9t\u00e9 de mesures de s\u00e9curit\u00e9 pour \npr\u00e9server la s\u00e9curit\u00e9 de vos informations personnelles. Nous utilisons \nun cryptage \u00e0 la pointe de la technologie pour prot\u00e9ger les informations\n sensibles transmises en ligne. Nous prot\u00e9geons \u00e9galement vos \ninformations hors ligne. Seuls les employ\u00e9s qui ont besoin d\u2019effectuer \nun travail sp\u00e9cifique (par exemple, la facturation ou le service \u00e0 la \nclient\u00e8le) ont acc\u00e8s aux informations personnelles identifiables. Les \nordinateurs et serveurs utilis\u00e9s pour stocker des informations \npersonnelles identifiables sont conserv\u00e9s dans un environnement \ns\u00e9curis\u00e9.<\/p><h2 class=\"wp-block-heading\">H\u00e9bergement web &amp; S\u00e9curit\u00e9<\/h2><p>OVH\nCe site est h\u00e9berg\u00e9 par la soci\u00e9t\u00e9 OVH, 2 rue Kellermann &#8211; 59100 Roubaix\n &#8211; France, pour plus d\u2019informations rendez-vous sur leur site internet :\n https:\/\/www.ovh.com<\/p><p>Champagne Remue Gaspard vous informe \nqu\u2019il a recours \u00e0 ses prestataires habilit\u00e9s pour faciliter le recueil \net le traitement des donn\u00e9es que vous nous avez communiqu\u00e9. \n\t\tCes prestataires sont situ\u00e9s dans l\u2019Union Europ\u00e9enne et ont \ncommunication des donn\u00e9es recueillies par le biais des divers \nformulaires pr\u00e9sents sur le site (\u00e0 l\u2019exception du formulaire vous \npermettant d\u2019exercer vos droits Informatique et Libert\u00e9s qui est propos\u00e9\n et exploit\u00e9 par Champagne Remue Gaspard).<\/p>","protected":false},"excerpt":{"rendered":"<p>Introduction Devant le d\u00e9veloppement des nouveaux outils de communication, il est n\u00e9cessaire de porter une attention particuli\u00e8re \u00e0 la protection de la vie priv\u00e9e. C&rsquo;est pourquoi, nous nous engageons \u00e0 respecter la confidentialit\u00e9 des renseignements personnels que nous collectons. En aucun cas, les donn\u00e9es recueillies sur le site https:\/\/champagne-remue-gaspard.com\/ ne seront c\u00e9d\u00e9es ou vendues \u00e0 [&hellip;]<\/p>\n","protected":false},"author":1,"featured_media":0,"parent":0,"menu_order":0,"comment_status":"closed","ping_status":"open","template":"","meta":{"_acf_changed":false,"footnotes":""},"class_list":["post-3","page","type-page","status-publish","hentry","entry"],"acf":[],"_links":{"self":[{"href":"https:\/\/champagne-remue-gaspard.com\/boutique\/wp-json\/wp\/v2\/pages\/3"}],"collection":[{"href":"https:\/\/champagne-remue-gaspard.com\/boutique\/wp-json\/wp\/v2\/pages"}],"about":[{"href":"https:\/\/champagne-remue-gaspard.com\/boutique\/wp-json\/wp\/v2\/types\/page"}],"author":[{"embeddable":true,"href":"https:\/\/champagne-remue-gaspard.com\/boutique\/wp-json\/wp\/v2\/users\/1"}],"replies":[{"embeddable":true,"href":"https:\/\/champagne-remue-gaspard.com\/boutique\/wp-json\/wp\/v2\/comments?post=3"}],"version-history":[{"count":2,"href":"https:\/\/champagne-remue-gaspard.com\/boutique\/wp-json\/wp\/v2\/pages\/3\/revisions"}],"predecessor-version":[{"id":89,"href":"https:\/\/champagne-remue-gaspard.com\/boutique\/wp-json\/wp\/v2\/pages\/3\/revisions\/89"}],"wp:attachment":[{"href":"https:\/\/champagne-remue-gaspard.com\/boutique\/wp-json\/wp\/v2\/media?parent=3"}],"curies":[{"name":"wp","href":"https:\/\/api.w.org\/{rel}","templated":true}]}}