{"id":90,"date":"2019-12-09T11:43:54","date_gmt":"2019-12-09T10:43:54","guid":{"rendered":"https:\/\/champagne-remue-gaspard.com\/boutique\/?page_id=90"},"modified":"2022-05-19T16:50:51","modified_gmt":"2022-05-19T14:50:51","slug":"mentions-legales","status":"publish","type":"page","link":"https:\/\/champagne-remue-gaspard.com\/boutique\/mentions-legales\/","title":{"rendered":"Mentions L\u00e9gales"},"content":{"rendered":"<h2 class=\"wp-block-heading\">EDITEUR<\/h2><p>Ce site web est \u00e9dit\u00e9 par : Champagne De Sousa<\/p><p>Si\u00e8ge :\u00a09 Place de la R\u00e9publique, 51200 \u00c9pernay<\/p><p>T\u00e9l. : 03 26 54 45 85<\/p><h2 class=\"wp-block-heading\">CREDITS<\/h2><p>Design et r\u00e9alisation : Cochet Concept<\/p><p>Webmaster : <a href=\"http:\/\/www.cochetconcept.fr\/\">Cochet Concept<\/a><\/p><p>Photos :<br \/>DE SOUSA<br \/>MKB Prod<br \/>Gerry NITSCH<br \/>Fred LAURES<br \/>Takeasip<br \/>EricVanDen<br \/>Mathieu CELLAR<br \/>Images de marque<\/p><h2 class=\"wp-block-heading\">DROITS DE REPRODUCTION<\/h2><p>Les informations pr\u00e9sent\u00e9es sur ce site sont publiques. La reproduction des informations de ce site, \u00e0 l\u2019exception de l\u2019iconographie, est autoris\u00e9e \u00e0 la condition d\u2019en mentionner la source et de cr\u00e9er un lien sur la ou les pages de r\u00e9f\u00e9rence. Les informations de ce site ne peuvent en aucun cas \u00eatre utilis\u00e9es \u00e0 des fins commerciales ou publicitaires.<\/p><h2 class=\"wp-block-heading\">DONN\u00c9ES PERSONNELLES<\/h2><p>Lorsque des donn\u00e9es pr\u00e9sentes sur ce site ont un caract\u00e8re nominatif, les utilisateurs doivent en faire un usage conforme aux r\u00e9glementations en vigueur et aux recommandations de la Commission nationale de l\u2019informatique et des libert\u00e9s (CNIL). Les informations utilis\u00e9es ne doivent l\u2019\u00eatre qu\u2019\u00e0 des fins personnelles, associatives ou professionnelles, toute diffusion ou utilisation \u00e0 des fins commerciales ou publicitaires \u00e9tant exclues.<\/p><h2 class=\"wp-block-heading\">CONSOMMATION D\u2019ALCOOL<\/h2><p>L\u2019abus d\u2019alcool est dangereux pour la sant\u00e9, consommez avec mod\u00e9ration.<\/p>\r\n<p>&nbsp;<\/p>\r\n<p>&nbsp;<\/p>\r\n<h2>Identifiant unique d\u00e9livr\u00e9 par l\u2019ADEME<\/h2>\r\n<p>Notre num\u00e9ro d\u2019identifiant unique d\u00e9livr\u00e9 par l\u2019ADEME , conform\u00e9ment aux dispositions de la loi AGEC, est le suivant :<br \/>&#8211; Ressortissant du Comit\u00e9 Champagne- SIRET 78038582900012<br \/>&#8211; Titulaire de l\u2019identifiant unique FR246127_01QEKR \u00bb<\/p>","protected":false},"excerpt":{"rendered":"<p>EDITEUR Ce site web est \u00e9dit\u00e9 par : Champagne De Sousa Si\u00e8ge :\u00a09 Place de la R\u00e9publique, 51200 \u00c9pernay T\u00e9l. : 03 26 54 45 85 CREDITS Design et r\u00e9alisation : Cochet Concept Webmaster : Cochet Concept Photos :DE SOUSAMKB ProdGerry NITSCHFred LAURESTakeasipEricVanDenMathieu CELLARImages de marque DROITS DE REPRODUCTION Les informations pr\u00e9sent\u00e9es sur ce site [&hellip;]<\/p>\n","protected":false},"author":1,"featured_media":0,"parent":0,"menu_order":0,"comment_status":"closed","ping_status":"closed","template":"","meta":{"_acf_changed":false,"footnotes":""},"class_list":["post-90","page","type-page","status-publish","hentry","entry"],"acf":[],"_links":{"self":[{"href":"https:\/\/champagne-remue-gaspard.com\/boutique\/wp-json\/wp\/v2\/pages\/90"}],"collection":[{"href":"https:\/\/champagne-remue-gaspard.com\/boutique\/wp-json\/wp\/v2\/pages"}],"about":[{"href":"https:\/\/champagne-remue-gaspard.com\/boutique\/wp-json\/wp\/v2\/types\/page"}],"author":[{"embeddable":true,"href":"https:\/\/champagne-remue-gaspard.com\/boutique\/wp-json\/wp\/v2\/users\/1"}],"replies":[{"embeddable":true,"href":"https:\/\/champagne-remue-gaspard.com\/boutique\/wp-json\/wp\/v2\/comments?post=90"}],"version-history":[{"count":2,"href":"https:\/\/champagne-remue-gaspard.com\/boutique\/wp-json\/wp\/v2\/pages\/90\/revisions"}],"predecessor-version":[{"id":145,"href":"https:\/\/champagne-remue-gaspard.com\/boutique\/wp-json\/wp\/v2\/pages\/90\/revisions\/145"}],"wp:attachment":[{"href":"https:\/\/champagne-remue-gaspard.com\/boutique\/wp-json\/wp\/v2\/media?parent=90"}],"curies":[{"name":"wp","href":"https:\/\/api.w.org\/{rel}","templated":true}]}}