{"id":13,"date":"2019-07-31T16:03:08","date_gmt":"2019-07-31T14:03:08","guid":{"rendered":"https:\/\/champagne-remue-gaspard.com\/boutique\/?post_type=product&#038;p=13"},"modified":"2026-04-04T09:00:38","modified_gmt":"2026-04-04T07:00:38","slug":"champagne-blanc-de-blancs","status":"publish","type":"product","link":"https:\/\/champagne-remue-gaspard.com\/boutique\/produit\/champagne-blanc-de-blancs\/","title":{"rendered":"Blanc de Blancs"},"content":{"rendered":"<p>Cuv\u00e9e \u00e9labor\u00e9e uniquement \u00e0 partir du chardonnay. Ce vin s\u2019habille d\u2019une tr\u00e8s belle robe or p\u00e2le, propre \u00e0 ce c\u00e9page. Fin et \u00e9l\u00e9gant, ce vin brillant vous s\u00e9duira \u00e0 l\u2019ap\u00e9ritif.<\/p>\n","protected":false},"excerpt":{"rendered":"<p>Cuv\u00e9e \u00e9labor\u00e9e uniquement \u00e0 partir du chardonnay. Ce vin s\u2019habille d\u2019une tr\u00e8s belle robe or p\u00e2le, propre \u00e0 ce c\u00e9page. Fin et \u00e9l\u00e9gant, ce vin brillant vous s\u00e9duira \u00e0 l\u2019ap\u00e9ritif.<\/p>\n","protected":false},"featured_media":191,"template":"","meta":{"_acf_changed":false},"product_cat":[20],"product_tag":[],"class_list":{"0":"post-13","1":"product","2":"type-product","3":"status-publish","4":"has-post-thumbnail","6":"product_cat-carton-de-6","7":"entry","9":"first","10":"outofstock","11":"shipping-taxable","12":"purchasable","13":"product-type-simple"},"acf":[],"_links":{"self":[{"href":"https:\/\/champagne-remue-gaspard.com\/boutique\/wp-json\/wp\/v2\/product\/13"}],"collection":[{"href":"https:\/\/champagne-remue-gaspard.com\/boutique\/wp-json\/wp\/v2\/product"}],"about":[{"href":"https:\/\/champagne-remue-gaspard.com\/boutique\/wp-json\/wp\/v2\/types\/product"}],"wp:featuredmedia":[{"embeddable":true,"href":"https:\/\/champagne-remue-gaspard.com\/boutique\/wp-json\/wp\/v2\/media\/191"}],"wp:attachment":[{"href":"https:\/\/champagne-remue-gaspard.com\/boutique\/wp-json\/wp\/v2\/media?parent=13"}],"wp:term":[{"taxonomy":"product_cat","embeddable":true,"href":"https:\/\/champagne-remue-gaspard.com\/boutique\/wp-json\/wp\/v2\/product_cat?post=13"},{"taxonomy":"product_tag","embeddable":true,"href":"https:\/\/champagne-remue-gaspard.com\/boutique\/wp-json\/wp\/v2\/product_tag?post=13"}],"curies":[{"name":"wp","href":"https:\/\/api.w.org\/{rel}","templated":true}]}}