{"id":15,"date":"2019-07-31T16:04:00","date_gmt":"2019-07-31T14:04:00","guid":{"rendered":"https:\/\/champagne-remue-gaspard.com\/boutique\/?post_type=product&#038;p=15"},"modified":"2024-03-13T21:52:32","modified_gmt":"2024-03-13T20:52:32","slug":"champagne-rose","status":"publish","type":"product","link":"https:\/\/champagne-remue-gaspard.com\/boutique\/produit\/champagne-rose\/","title":{"rendered":"Ros\u00e9"},"content":{"rendered":"<p>Cette cuv\u00e9e, issue \u00e0 partir du pinot noir, pr\u00e9sente un bel aspect saumon\u00e9 avec un ar\u00f4me de fruits rouges. L\u2019originalit\u00e9 de ce champagne est le subtil mariage de vin blanc et de vin rouge. Le caract\u00e8re de ce champagne conviendra en d\u00e9but et en fin de repas.<\/p>\n","protected":false},"excerpt":{"rendered":"<p>Cette cuv\u00e9e, issue \u00e0 partir du pinot noir, pr\u00e9sente un bel aspect saumon\u00e9 avec un ar\u00f4me de fruits rouges. L\u2019originalit\u00e9 de ce champagne est le subtil mariage de vin blanc et de vin rouge. Le caract\u00e8re de ce champagne conviendra en d\u00e9but et en fin de repas.<\/p>\n","protected":false},"featured_media":195,"template":"","meta":{"_acf_changed":false},"product_cat":[20],"product_tag":[],"class_list":{"0":"post-15","1":"product","2":"type-product","3":"status-publish","4":"has-post-thumbnail","6":"product_cat-carton-de-6","7":"entry","9":"first","10":"instock","11":"shipping-taxable","12":"purchasable","13":"product-type-simple"},"acf":[],"_links":{"self":[{"href":"https:\/\/champagne-remue-gaspard.com\/boutique\/wp-json\/wp\/v2\/product\/15"}],"collection":[{"href":"https:\/\/champagne-remue-gaspard.com\/boutique\/wp-json\/wp\/v2\/product"}],"about":[{"href":"https:\/\/champagne-remue-gaspard.com\/boutique\/wp-json\/wp\/v2\/types\/product"}],"wp:featuredmedia":[{"embeddable":true,"href":"https:\/\/champagne-remue-gaspard.com\/boutique\/wp-json\/wp\/v2\/media\/195"}],"wp:attachment":[{"href":"https:\/\/champagne-remue-gaspard.com\/boutique\/wp-json\/wp\/v2\/media?parent=15"}],"wp:term":[{"taxonomy":"product_cat","embeddable":true,"href":"https:\/\/champagne-remue-gaspard.com\/boutique\/wp-json\/wp\/v2\/product_cat?post=15"},{"taxonomy":"product_tag","embeddable":true,"href":"https:\/\/champagne-remue-gaspard.com\/boutique\/wp-json\/wp\/v2\/product_tag?post=15"}],"curies":[{"name":"wp","href":"https:\/\/api.w.org\/{rel}","templated":true}]}}