{"id":17,"date":"2019-07-31T16:04:48","date_gmt":"2019-07-31T14:04:48","guid":{"rendered":"https:\/\/champagne-remue-gaspard.com\/boutique\/?post_type=product&#038;p=17"},"modified":"2026-04-04T09:02:29","modified_gmt":"2026-04-04T07:02:29","slug":"champagne-blanc-de-noirs","status":"publish","type":"product","link":"https:\/\/champagne-remue-gaspard.com\/boutique\/produit\/champagne-blanc-de-noirs\/","title":{"rendered":"Blanc de Noirs"},"content":{"rendered":"<p>En bouteille opaque, ce champagne est l\u2019illustration de toutes les caract\u00e9ristiques du pinot noir. Il constitue une robe or, de tr\u00e8s fines bulles et un fruit\u00e9 d\u00e9licat. Il peut accompagner toutes vos envies\u2026 Ce champagne est d\u00e9di\u00e9 \u00e0 nos deux filles : Jos\u00e9phine et Victorine.<\/p>\n","protected":false},"excerpt":{"rendered":"<p>En bouteille opaque, ce champagne est l\u2019illustration de toutes les caract\u00e9ristiques du pinot noir. Il constitue une robe or, de tr\u00e8s fines bulles et un fruit\u00e9 d\u00e9licat. Il peut accompagner toutes vos envies\u2026 Ce champagne est d\u00e9di\u00e9 \u00e0 nos deux filles : Jos\u00e9phine et Victorine.<\/p>\n","protected":false},"featured_media":192,"template":"","meta":{"_acf_changed":false},"product_cat":[20],"product_tag":[],"class_list":{"0":"post-17","1":"product","2":"type-product","3":"status-publish","4":"has-post-thumbnail","6":"product_cat-carton-de-6","7":"entry","9":"first","10":"outofstock","11":"shipping-taxable","12":"purchasable","13":"product-type-simple"},"acf":[],"_links":{"self":[{"href":"https:\/\/champagne-remue-gaspard.com\/boutique\/wp-json\/wp\/v2\/product\/17"}],"collection":[{"href":"https:\/\/champagne-remue-gaspard.com\/boutique\/wp-json\/wp\/v2\/product"}],"about":[{"href":"https:\/\/champagne-remue-gaspard.com\/boutique\/wp-json\/wp\/v2\/types\/product"}],"wp:featuredmedia":[{"embeddable":true,"href":"https:\/\/champagne-remue-gaspard.com\/boutique\/wp-json\/wp\/v2\/media\/192"}],"wp:attachment":[{"href":"https:\/\/champagne-remue-gaspard.com\/boutique\/wp-json\/wp\/v2\/media?parent=17"}],"wp:term":[{"taxonomy":"product_cat","embeddable":true,"href":"https:\/\/champagne-remue-gaspard.com\/boutique\/wp-json\/wp\/v2\/product_cat?post=17"},{"taxonomy":"product_tag","embeddable":true,"href":"https:\/\/champagne-remue-gaspard.com\/boutique\/wp-json\/wp\/v2\/product_tag?post=17"}],"curies":[{"name":"wp","href":"https:\/\/api.w.org\/{rel}","templated":true}]}}